{"id":15870,"date":"2017-07-17T12:36:31","date_gmt":"2017-07-17T10:36:31","guid":{"rendered":"http:\/\/www.alpenbad-leutasch.com\/?page_id=15870\/"},"modified":"2017-07-17T12:36:31","modified_gmt":"2017-07-17T10:36:31","slug":"legal-details","status":"publish","type":"page","link":"https:\/\/www.alpenbad-leutasch.com\/en\/legal-details\/","title":{"rendered":"Legal details"},"content":{"rendered":"<p>[vc_row][vc_column width=&#8221;1\/2&#8243;][vc_column_text]<\/p>\n<div class=\"page-body\">\n<p><em><strong>Informationen gem\u00e4\u00df \u00a7 5 ECommerce Gesetz\/ Offenlegung gem. \u00a7 25 Mediengesetz<\/strong><\/em><\/p>\n<div><\/div>\n<div>Alpenbad Leutasch-Tirol, Spiel- und Sportanlagen Ges.m.b.H<\/div>\n<div>Weidach 275\u2028A-6105 Leutasch<\/div>\n<div>\u2028Telefon 05214 \/ 6380<\/div>\n<div>Telefax 05214 \/ 6380-16<\/div>\n<div>E-Mail:\u00a0<a href=\"mailto:info@alpenbad-leutasch.com\">info@alpenbad-leutasch.com<\/a><\/div>\n<div>Web:\u00a0<a href=\"https:\/\/www.alpenbad-leutasch.com\/\">www.alpenbad-leutasch.com<\/a><\/div>\n<p>&nbsp;<\/p>\n<div>UID-Nr: ATU30840800<\/div>\n<div>Firmenbuchnummer: FN 38268b<\/div>\n<div>Firmenbuchgericht: Landesgericht Innsbruck<\/div>\n<div>zust\u00e4ndige Aufsichtsbeh\u00f6rde: Bezirkshauptmannschaft Innsbruck Land<\/div>\n<p>&nbsp;<\/p>\n<div>Wirtschaftskammer Tirol: Sparte Tourismus und Freizeitwirtschaft<\/div>\n<div>Rechtsvorschriften:\u00a0<a href=\"http:\/\/www.ris.bka.gv.at\/\">www.ris.bka.gv.at<\/a><\/div>\n<div>\u2028Gesch\u00e4ftsf\u00fchrer: Thomas M\u00f6\u00dfmer<\/div>\n<\/div>\n<p>[\/vc_column_text][\/vc_column][vc_column width=&#8221;1\/2&#8243;][vc_column_text]<\/p>\n<div class=\"page-body\">\n<p><strong>Haftungsausschluss und Urheberrecht<\/strong><\/p>\n<div>Der Inhalt dieser Website ist urheberrechtlich gesch\u00fctzt. S\u00e4mtliche Texte, Bilder, Grafiken und Fotos sind Eigentum der Alpenbad Leutasch-Tirol, Spiel- und Sportanlagen Ges.m.b.H oder wurden \u00fcber Bildplattformen erworben und d\u00fcrfen nur mit ausdr\u00fccklicher Genehmigung bzw. nach erworbener Lizenz verwendet werden. Trotz sorgf\u00e4ltiger und inhaltlicher Kontrolle \u00fcbernehmen wir keine Haftung f\u00fcr die Inhalte dieser Website, sowie f\u00fcr die Inhalte von\u00a0Links zu externen Seiten. F\u00fcr den Inhalt der verlinkten Seiten sind ausschlie\u00dflich deren Betreiber verantwortlich. Die Alpenbad Leutasch-Tirol, Spiel- und Sportanlagen Ges.m.b.H \u00fcbernimmt keinerlei Garantie und Haftung f\u00fcr die Richtigkeit und Vollst\u00e4ndigkeit der bereitgestellten Informationen. Alle Angaben sind ohne Gew\u00e4hr. Preis\u00e4nderungen vorbehalten!<\/div>\n<div><\/div>\n<p>&nbsp;<\/p>\n<div>Fotos: \u00a9Angelo Lair, \u00a9Hintraeger Werbeagentur KG Leutasch, \u00a9 Syda Productions-Fotolia.com, \u00a9 Dirima-Fotolia.com, \u00a9 weyo-Fotolia.com, \u00a9fotofabrika-Fotolia.com, \u00a9MNStudio-Fotolia.com<\/div>\n<\/div>\n<p>[\/vc_column_text][\/vc_column][\/vc_row]<\/p>\n","protected":false},"excerpt":{"rendered":"<p>[vc_row][vc_column width=&#8221;1\/2&#8243;][vc_column_text] Informationen gem\u00e4\u00df \u00a7 5 ECommerce Gesetz\/ Offenlegung gem. \u00a7 25 Mediengesetz Alpenbad Leutasch-Tirol, Spiel- und Sportanlagen Ges.m.b.H Weidach 275\u2028A-6105 Leutasch \u2028Telefon 05214 \/ 6380 Telefax 05214 \/ 6380-16<\/p>\n","protected":false},"author":1,"featured_media":0,"parent":0,"menu_order":80,"comment_status":"closed","ping_status":"closed","template":"","meta":[],"acf":[],"yoast_head":"<!-- This site is optimized with the Yoast SEO plugin v21.5 - https:\/\/yoast.com\/wordpress\/plugins\/seo\/ -->\n<title>Legal details - Erlebniswelt Alpenbad Leutasch<\/title>\n<meta name=\"robots\" content=\"index, follow, max-snippet:-1, max-image-preview:large, max-video-preview:-1\" \/>\n<link rel=\"canonical\" href=\"https:\/\/www.alpenbad-leutasch.com\/en\/legal-details\/\" \/>\n<meta property=\"og:locale\" content=\"en_US\" \/>\n<meta property=\"og:type\" content=\"article\" \/>\n<meta property=\"og:title\" content=\"Legal details - Erlebniswelt Alpenbad Leutasch\" \/>\n<meta property=\"og:description\" content=\"[vc_row][vc_column width=&#8221;1\/2&#8243;][vc_column_text] Informationen gem\u00e4\u00df \u00a7 5 ECommerce Gesetz\/ Offenlegung gem. \u00a7 25 Mediengesetz Alpenbad Leutasch-Tirol, Spiel- und Sportanlagen Ges.m.b.H Weidach 275\u2028A-6105 Leutasch \u2028Telefon 05214 \/ 6380 Telefax 05214 \/ 6380-16\" \/>\n<meta property=\"og:url\" content=\"https:\/\/www.alpenbad-leutasch.com\/en\/legal-details\/\" \/>\n<meta property=\"og:site_name\" content=\"Erlebniswelt Alpenbad Leutasch\" \/>\n<meta property=\"article:publisher\" content=\"https:\/\/www.facebook.com\/Alpenbad\/?ref=ts&amp;amp%3bamp%3bamp%3bamp%3bamp%3bamp%3bamp%3bamp%3bamp%3bamp%3bamp%3bamp%3bfref=ts\" \/>\n<meta name=\"twitter:card\" content=\"summary_large_image\" \/>\n<meta name=\"twitter:label1\" content=\"Est. reading time\" \/>\n\t<meta name=\"twitter:data1\" content=\"1 minute\" \/>\n<script type=\"application\/ld+json\" class=\"yoast-schema-graph\">{\"@context\":\"https:\/\/schema.org\",\"@graph\":[{\"@type\":\"WebPage\",\"@id\":\"https:\/\/www.alpenbad-leutasch.com\/en\/legal-details\/\",\"url\":\"https:\/\/www.alpenbad-leutasch.com\/en\/legal-details\/\",\"name\":\"Legal details - Erlebniswelt Alpenbad Leutasch\",\"isPartOf\":{\"@id\":\"https:\/\/www.alpenbad-leutasch.com\/#website\"},\"datePublished\":\"2017-07-17T10:36:31+00:00\",\"dateModified\":\"2017-07-17T10:36:31+00:00\",\"breadcrumb\":{\"@id\":\"https:\/\/www.alpenbad-leutasch.com\/en\/legal-details\/#breadcrumb\"},\"inLanguage\":\"en-US\",\"potentialAction\":[{\"@type\":\"ReadAction\",\"target\":[\"https:\/\/www.alpenbad-leutasch.com\/en\/legal-details\/\"]}]},{\"@type\":\"BreadcrumbList\",\"@id\":\"https:\/\/www.alpenbad-leutasch.com\/en\/legal-details\/#breadcrumb\",\"itemListElement\":[{\"@type\":\"ListItem\",\"position\":1,\"name\":\"Startseite\",\"item\":\"https:\/\/www.alpenbad-leutasch.com\/en\/\"},{\"@type\":\"ListItem\",\"position\":2,\"name\":\"Legal details\"}]},{\"@type\":\"WebSite\",\"@id\":\"https:\/\/www.alpenbad-leutasch.com\/#website\",\"url\":\"https:\/\/www.alpenbad-leutasch.com\/\",\"name\":\"Erlebniswelt Alpenbad Leutasch\",\"description\":\"Eine weitere WordPress-Seite\",\"potentialAction\":[{\"@type\":\"SearchAction\",\"target\":{\"@type\":\"EntryPoint\",\"urlTemplate\":\"https:\/\/www.alpenbad-leutasch.com\/?s={search_term_string}\"},\"query-input\":\"required name=search_term_string\"}],\"inLanguage\":\"en-US\"}]}<\/script>\n<!-- \/ Yoast SEO plugin. -->","yoast_head_json":{"title":"Legal details - Erlebniswelt Alpenbad Leutasch","robots":{"index":"index","follow":"follow","max-snippet":"max-snippet:-1","max-image-preview":"max-image-preview:large","max-video-preview":"max-video-preview:-1"},"canonical":"https:\/\/www.alpenbad-leutasch.com\/en\/legal-details\/","og_locale":"en_US","og_type":"article","og_title":"Legal details - Erlebniswelt Alpenbad Leutasch","og_description":"[vc_row][vc_column width=&#8221;1\/2&#8243;][vc_column_text] Informationen gem\u00e4\u00df \u00a7 5 ECommerce Gesetz\/ Offenlegung gem. \u00a7 25 Mediengesetz Alpenbad Leutasch-Tirol, Spiel- und Sportanlagen Ges.m.b.H Weidach 275\u2028A-6105 Leutasch \u2028Telefon 05214 \/ 6380 Telefax 05214 \/ 6380-16","og_url":"https:\/\/www.alpenbad-leutasch.com\/en\/legal-details\/","og_site_name":"Erlebniswelt Alpenbad Leutasch","article_publisher":"https:\/\/www.facebook.com\/Alpenbad\/?ref=ts&amp%3bamp%3bamp%3bamp%3bamp%3bamp%3bamp%3bamp%3bamp%3bamp%3bamp%3bamp%3bfref=ts","twitter_card":"summary_large_image","twitter_misc":{"Est. reading time":"1 minute"},"schema":{"@context":"https:\/\/schema.org","@graph":[{"@type":"WebPage","@id":"https:\/\/www.alpenbad-leutasch.com\/en\/legal-details\/","url":"https:\/\/www.alpenbad-leutasch.com\/en\/legal-details\/","name":"Legal details - Erlebniswelt Alpenbad Leutasch","isPartOf":{"@id":"https:\/\/www.alpenbad-leutasch.com\/#website"},"datePublished":"2017-07-17T10:36:31+00:00","dateModified":"2017-07-17T10:36:31+00:00","breadcrumb":{"@id":"https:\/\/www.alpenbad-leutasch.com\/en\/legal-details\/#breadcrumb"},"inLanguage":"en-US","potentialAction":[{"@type":"ReadAction","target":["https:\/\/www.alpenbad-leutasch.com\/en\/legal-details\/"]}]},{"@type":"BreadcrumbList","@id":"https:\/\/www.alpenbad-leutasch.com\/en\/legal-details\/#breadcrumb","itemListElement":[{"@type":"ListItem","position":1,"name":"Startseite","item":"https:\/\/www.alpenbad-leutasch.com\/en\/"},{"@type":"ListItem","position":2,"name":"Legal details"}]},{"@type":"WebSite","@id":"https:\/\/www.alpenbad-leutasch.com\/#website","url":"https:\/\/www.alpenbad-leutasch.com\/","name":"Erlebniswelt Alpenbad Leutasch","description":"Eine weitere WordPress-Seite","potentialAction":[{"@type":"SearchAction","target":{"@type":"EntryPoint","urlTemplate":"https:\/\/www.alpenbad-leutasch.com\/?s={search_term_string}"},"query-input":"required name=search_term_string"}],"inLanguage":"en-US"}]}},"_links":{"self":[{"href":"https:\/\/www.alpenbad-leutasch.com\/en\/wp-json\/wp\/v2\/pages\/15870"}],"collection":[{"href":"https:\/\/www.alpenbad-leutasch.com\/en\/wp-json\/wp\/v2\/pages"}],"about":[{"href":"https:\/\/www.alpenbad-leutasch.com\/en\/wp-json\/wp\/v2\/types\/page"}],"author":[{"embeddable":true,"href":"https:\/\/www.alpenbad-leutasch.com\/en\/wp-json\/wp\/v2\/users\/1"}],"replies":[{"embeddable":true,"href":"https:\/\/www.alpenbad-leutasch.com\/en\/wp-json\/wp\/v2\/comments?post=15870"}],"version-history":[{"count":0,"href":"https:\/\/www.alpenbad-leutasch.com\/en\/wp-json\/wp\/v2\/pages\/15870\/revisions"}],"wp:attachment":[{"href":"https:\/\/www.alpenbad-leutasch.com\/en\/wp-json\/wp\/v2\/media?parent=15870"}],"curies":[{"name":"wp","href":"https:\/\/api.w.org\/{rel}","templated":true}]}}